{"id":586,"date":"2025-10-29T08:52:14","date_gmt":"2025-10-29T08:52:14","guid":{"rendered":"https:\/\/stephanedahan.com\/politique-de-confidentialite\/"},"modified":"2025-11-21T21:09:38","modified_gmt":"2025-11-21T21:09:38","slug":"politique-de-confidentialite","status":"publish","type":"page","link":"https:\/\/stephanedahan.com\/en\/politique-de-confidentialite\/","title":{"rendered":"Politique de confidentialit\u00e9"},"content":{"rendered":"\r\n<p>This Privacy Policy governs the manner in which St\u00e9phane Dahan\u00a0collects, uses, maintains and discloses information collected from users.<span id=\"privacy-policy-referrer\"><\/span><\/p>\r\n<h3 class=\"wp-block-heading\">Personal identification information<\/h3>\r\n<p>We may collect personal identification information from Users in a variety of ways, including, but not limited to, when Users visit our site, register on the site, subscribe to the newsletter, fill out a form, and in connection with other activities, services, features or resources we make available on our Site. Users may be asked for, as appropriate, name, email address, mailing address, phone number. Users may, however, visit our Site anonymously. We will collect personal identification information from Users only if they voluntarily submit such information to us. Users can always refuse to supply personally identification information, except that it may prevent them from engaging in certain Site related activities.<\/p>\r\n<p>We may collect the following information:<\/p>\r\n<ul>\r\n<li>First name<\/li>\r\n<li>Last name<\/li>\r\n<li>Mailing address<\/li>\r\n<li>Postal code<\/li>\r\n<li>Email address<\/li>\r\n<li>Phone number<\/li>\r\n<\/ul>\r\n<p>The personal information we collect is gathered through forms and through the interactivity established between you, our website, and our social networks. As indicated in the next section, we also use cookies and\/or logs to collect information about you.<\/p>\r\n<h3>Forms and interactivity<\/h3>\r\n<p>Your personal details might be collected via several forms, such as:<\/p>\r\n<ul>\r\n<li>Contact form<\/li>\r\n<li>Information request form<\/li>\r\n<li>Visit request form<\/li>\r\n<li>Real estate evaluation form<\/li>\r\n<li>Testimonial form<\/li>\r\n<li>Real estate alert form<\/li>\r\n<\/ul>\r\n<h3>Non-personal identification information<\/h3>\r\n<p>We may collect non-personal identification information about Users whenever they interact with our Site. Non-personal identification information may include the browser name, the type of computer and technical information about Users means of connection to our Site, such as the operating system and the Internet service providers utilized and other similar information.<\/p>\r\n<h3>Web browser cookies<\/h3>\r\n<p>Our Site may use \u201ccookies\u201d to enhance User experience. User\u2019s web browser places cookies on their hard drive for record-keeping purposes and sometimes to track information about them. User may choose to set their web browser to refuse cookies, or to alert you when cookies are being sent. If they do so, note that some parts of the Site may not function properly.<\/p>\r\n<h3>How we protect your information<\/h3>\r\n<p>We adopt appropriate data collection, storage and processing practices and security measures to protect against unauthorized access, alteration, disclosure or destruction of your personal information, username, password, transaction information and data stored on our Site.<\/p>\r\n<h3>How to delete your data from our Facebook-connected services<\/h3>\r\n<p>To delete your data from our Facebook-connected services, you can follow these steps: First, log into your Facebook account. Navigate to the settings menu by clicking on the downward arrow in the top right corner of the Facebook website or app. From there, select \u2018Settings &amp; Privacy\u2019 &gt; \u2018Settings\u2019 &gt; \u2018Apps and Websites\u2019. Here, you will see a list of apps and websites connected to your Facebook account. Find and select our app or website from the list, then click \u2018Remove\u2019. Confirm your choice by clicking \u2018Remove\u2019 again. This action will revoke our app\u2019s access to your Facebook data. Additionally, you can contact us directly for further assistance with data deletion.<\/p>\r\n<h3>Sharing your personal information<\/h3>\r\n<p>We do not sell, trade, or rent Users personal identification information to others. We may share generic aggregated demographic information not linked to any personal identification information regarding visitors and users with our business partners, trusted affiliates and advertisers for the purposes outlined above.<\/p>\r\n<h3>Third party websites<\/h3>\r\n<p>Users may find advertising or other content on our Site that link to the sites and services of our partners, suppliers, advertisers, sponsors, licensors and other third parties. We do not control the content or links that appear on these sites and are not responsible for the practices employed by websites linked to or from our Site. In addition, these sites or services, including their content and links, may be constantly changing. These sites and services may have their own privacy policies and customer service policies. Browsing and interaction on any other website, including websites which have a link to our Site, is subject to that website\u2019s own terms and policies.<\/p>\r\n<h3>Changes to this privacy policy<\/h3>\r\n<p>St\u00e9phane Dahan, has the discretion to update this privacy policy at any time. We encourage Users to frequently check this page for any changes to stay informed about how we are helping to protect the personal information we collect. You acknowledge and agree that it is your responsibility to review this privacy policy periodically and become aware of modifications.<\/p>\r\n<h3>Your acceptance of these terms<\/h3>\r\n<p>By using this Site, you acknowledge your acceptance of this policy. If you do not agree to this policy, please do not use our Site. Your continued use of the Site following the posting of changes to this policy will be deemed your acceptance of those changes.<\/p>\r\n<h3>Contacting us<\/h3>\r\n<p>If you have any questions about this Privacy Policy please contact us:<\/p>\r\n<p>St\u00e9phane Dahan<br \/>Phone: <a href=\"tel:+15145527238\">514-552-7238<\/a><br \/><a href=\"mailto:info@stephanedahan.com\">info@stephanedahan.com<\/a><\/p>","protected":false},"excerpt":{"rendered":"<p>This Privacy Policy governs the manner in which St\u00e9phane Dahan\u00a0collects, uses, maintains and discloses information collected from users. Personal identification information We may collect personal identification information from Users in a variety of ways, including, but not limited to, when Users visit our site, register on the site, subscribe to the newsletter, fill out a [&hellip;]<\/p>\n","protected":false},"author":1,"featured_media":0,"parent":0,"menu_order":1,"comment_status":"closed","ping_status":"closed","template":"","meta":{"_acf_changed":false,"footnotes":""},"class_list":["post-586","page","type-page","status-publish","hentry"],"acf":[],"yoast_head":"<!-- This site is optimized with the Yoast SEO plugin v26.5 - https:\/\/yoast.com\/wordpress\/plugins\/seo\/ -->\n<title>Politique de confidentialit\u00e9 - St\u00e9phane Dahan - Real Estate and Mortgage Broker<\/title>\n<meta name=\"robots\" content=\"index, follow, max-snippet:-1, max-image-preview:large, max-video-preview:-1\" \/>\n<link rel=\"canonical\" href=\"https:\/\/stephanedahan.com\/en\/politique-de-confidentialite\/\" \/>\n<meta property=\"og:locale\" content=\"en_US\" \/>\n<meta property=\"og:type\" content=\"article\" \/>\n<meta property=\"og:title\" content=\"Politique de confidentialit\u00e9 - St\u00e9phane Dahan - Real Estate and Mortgage Broker\" \/>\n<meta property=\"og:description\" content=\"This Privacy Policy governs the manner in which St\u00e9phane Dahan\u00a0collects, uses, maintains and discloses information collected from users. Personal identification information We may collect personal identification information from Users in a variety of ways, including, but not limited to, when Users visit our site, register on the site, subscribe to the newsletter, fill out a [&hellip;]\" \/>\n<meta property=\"og:url\" content=\"https:\/\/stephanedahan.com\/en\/politique-de-confidentialite\/\" \/>\n<meta property=\"og:site_name\" content=\"St\u00e9phane Dahan\" \/>\n<meta property=\"article:publisher\" content=\"https:\/\/www.facebook.com\/dahanimmobilier\/\" \/>\n<meta property=\"article:modified_time\" content=\"2025-11-21T21:09:38+00:00\" \/>\n<meta property=\"og:image\" content=\"https:\/\/stephanedahan.com\/wp-content\/uploads\/2025\/12\/stephane-og.webp\" \/>\n\t<meta property=\"og:image:width\" content=\"750\" \/>\n\t<meta property=\"og:image:height\" content=\"500\" \/>\n\t<meta property=\"og:image:type\" content=\"image\/webp\" \/>\n<meta name=\"twitter:card\" content=\"summary_large_image\" \/>\n<meta name=\"twitter:label1\" content=\"Est. reading time\" \/>\n\t<meta name=\"twitter:data1\" content=\"4 minutes\" \/>\n<script type=\"application\/ld+json\" class=\"yoast-schema-graph\">{\"@context\":\"https:\/\/schema.org\",\"@graph\":[{\"@type\":\"WebPage\",\"@id\":\"https:\/\/stephanedahan.com\/en\/politique-de-confidentialite\/\",\"url\":\"https:\/\/stephanedahan.com\/en\/politique-de-confidentialite\/\",\"name\":\"Politique de confidentialit\u00e9 - St\u00e9phane Dahan - Real Estate and Mortgage Broker\",\"isPartOf\":{\"@id\":\"https:\/\/stephanedahan.com\/en\/#website\"},\"datePublished\":\"2025-10-29T08:52:14+00:00\",\"dateModified\":\"2025-11-21T21:09:38+00:00\",\"breadcrumb\":{\"@id\":\"https:\/\/stephanedahan.com\/en\/politique-de-confidentialite\/#breadcrumb\"},\"inLanguage\":\"en-US\",\"potentialAction\":[{\"@type\":\"ReadAction\",\"target\":[\"https:\/\/stephanedahan.com\/en\/politique-de-confidentialite\/\"]}]},{\"@type\":\"BreadcrumbList\",\"@id\":\"https:\/\/stephanedahan.com\/en\/politique-de-confidentialite\/#breadcrumb\",\"itemListElement\":[{\"@type\":\"ListItem\",\"position\":1,\"name\":\"Home\",\"item\":\"https:\/\/stephanedahan.com\/en\/\"},{\"@type\":\"ListItem\",\"position\":2,\"name\":\"Politique de confidentialit\u00e9\"}]},{\"@type\":\"WebSite\",\"@id\":\"https:\/\/stephanedahan.com\/en\/#website\",\"url\":\"https:\/\/stephanedahan.com\/en\/\",\"name\":\"Stephane Dahan\",\"description\":\"Real Estate and Mortgage Broker\",\"publisher\":{\"@id\":\"https:\/\/stephanedahan.com\/en\/#organization\"},\"potentialAction\":[{\"@type\":\"SearchAction\",\"target\":{\"@type\":\"EntryPoint\",\"urlTemplate\":\"https:\/\/stephanedahan.com\/en\/?s={search_term_string}\"},\"query-input\":{\"@type\":\"PropertyValueSpecification\",\"valueRequired\":true,\"valueName\":\"search_term_string\"}}],\"inLanguage\":\"en-US\"},{\"@type\":\"Organization\",\"@id\":\"https:\/\/stephanedahan.com\/en\/#organization\",\"name\":\"Stephane Dahan\",\"url\":\"https:\/\/stephanedahan.com\/en\/\",\"logo\":{\"@type\":\"ImageObject\",\"inLanguage\":\"en-US\",\"@id\":\"https:\/\/stephanedahan.com\/en\/#\/schema\/logo\/image\/\",\"url\":\"https:\/\/stephanedahan.com\/wp-content\/uploads\/2025\/10\/footer-logo.png\",\"contentUrl\":\"https:\/\/stephanedahan.com\/wp-content\/uploads\/2025\/10\/footer-logo.png\",\"width\":1238,\"height\":579,\"caption\":\"Stephane Dahan\"},\"image\":{\"@id\":\"https:\/\/stephanedahan.com\/en\/#\/schema\/logo\/image\/\"},\"sameAs\":[\"https:\/\/www.facebook.com\/dahanimmobilier\/\",\"https:\/\/www.linkedin.com\/in\/stephane-dahan-711675a\/\",\"https:\/\/www.instagram.com\/dahanimmobilier\/\"]}]}<\/script>\n<!-- \/ Yoast SEO plugin. -->","yoast_head_json":{"title":"Politique de confidentialit\u00e9 - St\u00e9phane Dahan - Real Estate and Mortgage Broker","robots":{"index":"index","follow":"follow","max-snippet":"max-snippet:-1","max-image-preview":"max-image-preview:large","max-video-preview":"max-video-preview:-1"},"canonical":"https:\/\/stephanedahan.com\/en\/politique-de-confidentialite\/","og_locale":"en_US","og_type":"article","og_title":"Politique de confidentialit\u00e9 - St\u00e9phane Dahan - Real Estate and Mortgage Broker","og_description":"This Privacy Policy governs the manner in which St\u00e9phane Dahan\u00a0collects, uses, maintains and discloses information collected from users. Personal identification information We may collect personal identification information from Users in a variety of ways, including, but not limited to, when Users visit our site, register on the site, subscribe to the newsletter, fill out a [&hellip;]","og_url":"https:\/\/stephanedahan.com\/en\/politique-de-confidentialite\/","og_site_name":"St\u00e9phane Dahan","article_publisher":"https:\/\/www.facebook.com\/dahanimmobilier\/","article_modified_time":"2025-11-21T21:09:38+00:00","og_image":[{"width":750,"height":500,"url":"https:\/\/stephanedahan.com\/wp-content\/uploads\/2025\/12\/stephane-og.webp","type":"image\/webp"}],"twitter_card":"summary_large_image","twitter_misc":{"Est. reading time":"4 minutes"},"schema":{"@context":"https:\/\/schema.org","@graph":[{"@type":"WebPage","@id":"https:\/\/stephanedahan.com\/en\/politique-de-confidentialite\/","url":"https:\/\/stephanedahan.com\/en\/politique-de-confidentialite\/","name":"Politique de confidentialit\u00e9 - St\u00e9phane Dahan - Real Estate and Mortgage Broker","isPartOf":{"@id":"https:\/\/stephanedahan.com\/en\/#website"},"datePublished":"2025-10-29T08:52:14+00:00","dateModified":"2025-11-21T21:09:38+00:00","breadcrumb":{"@id":"https:\/\/stephanedahan.com\/en\/politique-de-confidentialite\/#breadcrumb"},"inLanguage":"en-US","potentialAction":[{"@type":"ReadAction","target":["https:\/\/stephanedahan.com\/en\/politique-de-confidentialite\/"]}]},{"@type":"BreadcrumbList","@id":"https:\/\/stephanedahan.com\/en\/politique-de-confidentialite\/#breadcrumb","itemListElement":[{"@type":"ListItem","position":1,"name":"Home","item":"https:\/\/stephanedahan.com\/en\/"},{"@type":"ListItem","position":2,"name":"Politique de confidentialit\u00e9"}]},{"@type":"WebSite","@id":"https:\/\/stephanedahan.com\/en\/#website","url":"https:\/\/stephanedahan.com\/en\/","name":"Stephane Dahan","description":"Real Estate and Mortgage Broker","publisher":{"@id":"https:\/\/stephanedahan.com\/en\/#organization"},"potentialAction":[{"@type":"SearchAction","target":{"@type":"EntryPoint","urlTemplate":"https:\/\/stephanedahan.com\/en\/?s={search_term_string}"},"query-input":{"@type":"PropertyValueSpecification","valueRequired":true,"valueName":"search_term_string"}}],"inLanguage":"en-US"},{"@type":"Organization","@id":"https:\/\/stephanedahan.com\/en\/#organization","name":"Stephane Dahan","url":"https:\/\/stephanedahan.com\/en\/","logo":{"@type":"ImageObject","inLanguage":"en-US","@id":"https:\/\/stephanedahan.com\/en\/#\/schema\/logo\/image\/","url":"https:\/\/stephanedahan.com\/wp-content\/uploads\/2025\/10\/footer-logo.png","contentUrl":"https:\/\/stephanedahan.com\/wp-content\/uploads\/2025\/10\/footer-logo.png","width":1238,"height":579,"caption":"Stephane Dahan"},"image":{"@id":"https:\/\/stephanedahan.com\/en\/#\/schema\/logo\/image\/"},"sameAs":["https:\/\/www.facebook.com\/dahanimmobilier\/","https:\/\/www.linkedin.com\/in\/stephane-dahan-711675a\/","https:\/\/www.instagram.com\/dahanimmobilier\/"]}]}},"_links":{"self":[{"href":"https:\/\/stephanedahan.com\/en\/wp-json\/wp\/v2\/pages\/586","targetHints":{"allow":["GET"]}}],"collection":[{"href":"https:\/\/stephanedahan.com\/en\/wp-json\/wp\/v2\/pages"}],"about":[{"href":"https:\/\/stephanedahan.com\/en\/wp-json\/wp\/v2\/types\/page"}],"author":[{"embeddable":true,"href":"https:\/\/stephanedahan.com\/en\/wp-json\/wp\/v2\/users\/1"}],"replies":[{"embeddable":true,"href":"https:\/\/stephanedahan.com\/en\/wp-json\/wp\/v2\/comments?post=586"}],"version-history":[{"count":3,"href":"https:\/\/stephanedahan.com\/en\/wp-json\/wp\/v2\/pages\/586\/revisions"}],"predecessor-version":[{"id":596,"href":"https:\/\/stephanedahan.com\/en\/wp-json\/wp\/v2\/pages\/586\/revisions\/596"}],"wp:attachment":[{"href":"https:\/\/stephanedahan.com\/en\/wp-json\/wp\/v2\/media?parent=586"}],"curies":[{"name":"wp","href":"https:\/\/api.w.org\/{rel}","templated":true}]}}